{"id":2749,"date":"2016-09-30T13:16:35","date_gmt":"2016-09-30T11:16:35","guid":{"rendered":"http:\/\/websurfer.es\/?page_id=2749"},"modified":"2016-09-30T14:07:48","modified_gmt":"2016-09-30T12:07:48","slug":"planik-bai","status":"publish","type":"page","link":"https:\/\/aizuirakasleak.barakaldo.eus\/es\/planik-bai\/","title":{"rendered":"Planik bai?"},"content":{"rendered":"<p><\/p>\n<div>\n<div>Te enviamos la AGENDA CULTURAL de este fin de semana <a href=\"https:\/\/drive.google.com\/file\/d\/0BweXbvNRMWiEVnM4T19MMUVneGc\/view\">PLANIK BAI?<\/a>: Inauguraci\u00f3n de Gazte Artea Ezkerraldean en Gazte Bulegoa (hoy 19:00h), Concurso de Pintxos en Bilbo, Mercado Celta en Barakaldo&#8230; y mucho mas! \u00a1\u00a1\u00a1 No te quedes en casa!!!<\/div>\n<div><\/div>\n<div>Y ma\u00f1ana se abre el plazo de inscripci\u00f3n a la <strong>ruta<\/strong> de los <strong>Ca\u00f1ones de Gorliz<\/strong>. \u00a1\u00a1\u00a1Animate que es gratis!!!<\/div>\n<\/div>\n<div><\/div>\n<p>&nbsp;<\/p>\n<!-- AddThis Advanced Settings generic via filter on the_content --><!-- AddThis Share Buttons generic via filter on the_content -->","protected":false},"excerpt":{"rendered":"<p>Te enviamos la AGENDA CULTURAL de este fin de semana PLANIK BAI?: Inauguraci\u00f3n de Gazte Artea Ezkerraldean en Gazte Bulegoa (hoy 19:00h), Concurso de Pintxos en Bilbo, Mercado Celta en Barakaldo&#8230; y mucho mas! \u00a1\u00a1\u00a1 No te quedes en casa!!! Y ma\u00f1ana se abre el plazo de inscripci\u00f3n a la ruta de los Ca\u00f1ones de [&hellip;]<!-- AddThis Advanced Settings generic via filter on get_the_excerpt --><!-- AddThis Share Buttons generic via filter on get_the_excerpt --><\/p>\n","protected":false},"author":5,"featured_media":2736,"parent":0,"menu_order":0,"comment_status":"closed","ping_status":"closed","template":"","meta":{"_mc_calendar":[],"footnotes":""},"categories":[7],"tags":[209,476,318,277,122,278,183,210,52],"post_mailing_queue_ids":[],"_links":{"self":[{"href":"https:\/\/aizuirakasleak.barakaldo.eus\/es\/wp-json\/wp\/v2\/pages\/2749"}],"collection":[{"href":"https:\/\/aizuirakasleak.barakaldo.eus\/es\/wp-json\/wp\/v2\/pages"}],"about":[{"href":"https:\/\/aizuirakasleak.barakaldo.eus\/es\/wp-json\/wp\/v2\/types\/page"}],"author":[{"embeddable":true,"href":"https:\/\/aizuirakasleak.barakaldo.eus\/es\/wp-json\/wp\/v2\/users\/5"}],"replies":[{"embeddable":true,"href":"https:\/\/aizuirakasleak.barakaldo.eus\/es\/wp-json\/wp\/v2\/comments?post=2749"}],"version-history":[{"count":2,"href":"https:\/\/aizuirakasleak.barakaldo.eus\/es\/wp-json\/wp\/v2\/pages\/2749\/revisions"}],"predecessor-version":[{"id":2751,"href":"https:\/\/aizuirakasleak.barakaldo.eus\/es\/wp-json\/wp\/v2\/pages\/2749\/revisions\/2751"}],"wp:featuredmedia":[{"embeddable":true,"href":"https:\/\/aizuirakasleak.barakaldo.eus\/es\/wp-json\/wp\/v2\/media\/2736"}],"wp:attachment":[{"href":"https:\/\/aizuirakasleak.barakaldo.eus\/es\/wp-json\/wp\/v2\/media?parent=2749"}],"wp:term":[{"taxonomy":"category","embeddable":true,"href":"https:\/\/aizuirakasleak.barakaldo.eus\/es\/wp-json\/wp\/v2\/categories?post=2749"},{"taxonomy":"post_tag","embeddable":true,"href":"https:\/\/aizuirakasleak.barakaldo.eus\/es\/wp-json\/wp\/v2\/tags?post=2749"}],"curies":[{"name":"wp","href":"https:\/\/api.w.org\/{rel}","templated":true}]}}