{"id":424,"date":"2015-02-17T11:15:53","date_gmt":"2015-02-17T11:15:53","guid":{"rendered":"http:\/\/websurfer.es\/?page_id=424"},"modified":"2018-06-08T13:24:25","modified_gmt":"2018-06-08T11:24:25","slug":"piercing-y-tatuajes","status":"publish","type":"page","link":"https:\/\/aizuirakasleak.barakaldo.eus\/es\/piercing-y-tatuajes\/","title":{"rendered":"Piercing y Tatuajes"},"content":{"rendered":"<p><\/p>\n<h3>Antes de hacerte un piercing o un tatuaje&#8230;<\/h3>\n<ul>\n<li><strong>Medita bien <\/strong>la decisi\u00f3n de hacerte un <strong>tatuaje<\/strong>. Son muy <strong>dif\u00edciles de quitar<\/strong>.<\/li>\n<\/ul>\n<ul>\n<li><strong>No <\/strong>ser\u00e1 <strong>buen momento <\/strong>para hacerlo si padeces alguna <strong>infecci\u00f3n<\/strong>, alguna <strong>enfermedad <\/strong>en la piel como una dermatitis, acn\u00e9 o psoriasis; si usas <strong>anticoagulantes<\/strong>, padeces <strong>alteraciones sangu\u00edneas <\/strong>o <strong>enfermedades cardiacas cong\u00e9nitas<\/strong>, o eres <strong>donante de sangre<\/strong>. Tras un tatuaje o una perforaci\u00f3n, no se puede donar sangre hasta que haya transcurrido un a\u00f1o. Si se <strong>usa alg\u00fan medicamento <\/strong>tambi\u00e9n se debe consultar al m\u00e9dico con antelaci\u00f3n.<\/li>\n<\/ul>\n<h3>Una vez tomada la decisi\u00f3n\u2026<a href=\"http:\/\/websurfer.es\/wp-content\/uploads\/2015\/02\/piercing-bueno1.jpg\"><img loading=\"lazy\" decoding=\"async\" class=\" wp-image-658 alignright\" src=\"http:\/\/websurfer.es\/wp-content\/uploads\/2015\/02\/piercing-bueno1.jpg\" alt=\"piercing%20bueno1\" width=\"227\" height=\"240\" \/><\/a><\/h3>\n<ul>\n<li>Buscar un <strong>establecimiento <\/strong>que garantice unas <strong>correctas <\/strong><strong>condiciones de<\/strong> <strong>higiene<\/strong> y que est\u00e9 <strong>registrado <\/strong>en la Consejer\u00eda de Sanidad y Consumo. Hay una serie de infecciones, que se llaman de transmisi\u00f3n parenteral, que son las que se transmiten por el uso de agujas no esterilizadas adecuadamente. Un ejemplo son las hepatitis o el VIH (virus de la inmunodeficiencia humana). Para evitarlas hay que ir con cuidado y elegir un establecimiento de confianza.<\/li>\n<\/ul>\n<ul>\n<li><strong>Los tatuadores o perforadores <\/strong>deben haber realizado un curso de <strong>formaci\u00f3n<\/strong>.<\/li>\n<\/ul>\n<ul>\n<li>Una vez all\u00ed, y siendo mayor de edad, debes <strong>firmar una hoja de con<\/strong><strong>sentimiento <\/strong>informado. Si eres <strong>menor <\/strong>de edad, ser\u00e1 necesario contar con un <strong>consentimiento autorizado por padres o tutores<\/strong>.<\/li>\n<\/ul>\n<h3>En el momento de realizarlo\u2026<\/h3>\n<ul>\n<li><strong>Cubrirse <\/strong>los cortes, <strong>heridas<\/strong>, quemaduras u otras lesiones y hay que <strong>evitar <\/strong>las <strong>zonas <\/strong>donde se tengan <strong>lunares<\/strong>, verrugas, pecas, manchas, quemaduras o cualquier otra lesi\u00f3n de la piel.<\/li>\n<\/ul>\n<ul>\n<li>La persona que realice el piercing o tatuaje debe <strong>limpiar<\/strong><strong> y desinfectar <\/strong>nuestra <strong>piel <\/strong><strong>antes <\/strong>de trabajar. Adem\u00e1s, deben <strong>lavarse las manos antes y despu\u00e9s de la pr\u00e1ctica<\/strong>; utilizar <strong>guantes est\u00e9riles <\/strong>y de un solo uso; usar ropa y calzado limpio y de uso exclusivo; no fumar, comer o beber mientras realizan el trabajo.<\/li>\n<\/ul>\n<div data-carousel-extra='{\"blog_id\":1,\"permalink\":\"https:\\\/\\\/aizuirakasleak.barakaldo.eus\\\/es\\\/piercing-y-tatuajes\\\/\"}' class=\"tiled-gallery type-rectangular\" data-original-width=\"1032\"><div class=\"gallery-row\" style=\"width: 1027px; height: 452px;\"><div class=\"gallery-group images-1\" style=\"width: 682px; height: 456px;\"><div class=\"tiled-gallery-item tiled-gallery-item-large\"><a href=\"https:\/\/aizuirakasleak.barakaldo.eus\/es\/tattoo-guantes\/\"><img loading=\"lazy\" decoding=\"async\" data-attachment-id=\"1032\" data-orig-file=\"https:\/\/i0.wp.com\/aizuirakasleak.barakaldo.eus\/wp-content\/uploads\/2015\/03\/tattoo-guantes.jpg?resize=678%2C452&#038;ssl=1\" data-orig-size=\"270,180\" data-comments-opened=\"1\" data-image-meta=\"{&quot;aperture&quot;:&quot;0&quot;,&quot;credit&quot;:&quot;&quot;,&quot;camera&quot;:&quot;&quot;,&quot;caption&quot;:&quot;&quot;,&quot;created_timestamp&quot;:&quot;0&quot;,&quot;copyright&quot;:&quot;&quot;,&quot;focal_length&quot;:&quot;0&quot;,&quot;iso&quot;:&quot;0&quot;,&quot;shutter_speed&quot;:&quot;0&quot;,&quot;title&quot;:&quot;&quot;,&quot;orientation&quot;:&quot;0&quot;}\" data-image-title=\"tattoo-guantes\" data-image-description=\"\" data-medium-file=\"https:\/\/i0.wp.com\/aizuirakasleak.barakaldo.eus\/wp-content\/uploads\/2015\/03\/tattoo-guantes.jpg?resize=678%2C452&#038;ssl=1\" data-large-file=\"https:\/\/i0.wp.com\/aizuirakasleak.barakaldo.eus\/wp-content\/uploads\/2015\/03\/tattoo-guantes.jpg?resize=678%2C452&#038;ssl=1\" src=\"https:\/\/i0.wp.com\/aizuirakasleak.barakaldo.eus\/wp-content\/uploads\/2015\/03\/tattoo-guantes.jpg?resize=678%2C452&#038;ssl=1\" width=\"678\" height=\"452\" align=\"left\" title=\"tattoo-guantes\" data-recalc-dims=\"1\" \/><\/a><\/div><\/div><div class=\"gallery-group images-2\" style=\"width: 345px; height: 456px;\"><div class=\"tiled-gallery-item tiled-gallery-item-large\"><a href=\"https:\/\/aizuirakasleak.barakaldo.eus\/es\/piercing-y-tatuajes\/tattoo-artist-guantes\/\"><img loading=\"lazy\" decoding=\"async\" data-attachment-id=\"1031\" data-orig-file=\"https:\/\/i0.wp.com\/aizuirakasleak.barakaldo.eus\/wp-content\/uploads\/2015\/03\/tattoo-artist-guantes.jpg?resize=341%2C220&#038;ssl=1\" data-orig-size=\"279,180\" data-comments-opened=\"1\" data-image-meta=\"{&quot;aperture&quot;:&quot;6.3&quot;,&quot;credit&quot;:&quot;&quot;,&quot;camera&quot;:&quot;NIKON D7000&quot;,&quot;caption&quot;:&quot;&quot;,&quot;created_timestamp&quot;:&quot;0&quot;,&quot;copyright&quot;:&quot;&quot;,&quot;focal_length&quot;:&quot;105&quot;,&quot;iso&quot;:&quot;500&quot;,&quot;shutter_speed&quot;:&quot;0.016666666666667&quot;,&quot;title&quot;:&quot;&quot;,&quot;orientation&quot;:&quot;0&quot;}\" data-image-title=\"tattoo-artist-guantes\" data-image-description=\"\" data-medium-file=\"https:\/\/i0.wp.com\/aizuirakasleak.barakaldo.eus\/wp-content\/uploads\/2015\/03\/tattoo-artist-guantes.jpg?resize=341%2C220&#038;ssl=1\" data-large-file=\"https:\/\/i0.wp.com\/aizuirakasleak.barakaldo.eus\/wp-content\/uploads\/2015\/03\/tattoo-artist-guantes.jpg?resize=341%2C220&#038;ssl=1\" src=\"https:\/\/i0.wp.com\/aizuirakasleak.barakaldo.eus\/wp-content\/uploads\/2015\/03\/tattoo-artist-guantes.jpg?resize=341%2C220&#038;ssl=1\" width=\"341\" height=\"220\" align=\"left\" title=\"tattoo-artist-guantes\" data-recalc-dims=\"1\" \/><\/a><\/div><div class=\"tiled-gallery-item tiled-gallery-item-large\"><a href=\"https:\/\/aizuirakasleak.barakaldo.eus\/es\/tattoo-2\/\"><img loading=\"lazy\" decoding=\"async\" data-attachment-id=\"1030\" data-orig-file=\"https:\/\/i0.wp.com\/aizuirakasleak.barakaldo.eus\/wp-content\/uploads\/2015\/03\/tattoo-.jpg?resize=341%2C228&#038;ssl=1\" data-orig-size=\"270,180\" data-comments-opened=\"1\" data-image-meta=\"{&quot;aperture&quot;:&quot;4.5&quot;,&quot;credit&quot;:&quot;&quot;,&quot;camera&quot;:&quot;Canon EOS REBEL T3&quot;,&quot;caption&quot;:&quot;&quot;,&quot;created_timestamp&quot;:&quot;0&quot;,&quot;copyright&quot;:&quot;&quot;,&quot;focal_length&quot;:&quot;30&quot;,&quot;iso&quot;:&quot;160&quot;,&quot;shutter_speed&quot;:&quot;0.04&quot;,&quot;title&quot;:&quot;&quot;,&quot;orientation&quot;:&quot;0&quot;}\" data-image-title=\"tattoo-\" data-image-description=\"\" data-medium-file=\"https:\/\/i0.wp.com\/aizuirakasleak.barakaldo.eus\/wp-content\/uploads\/2015\/03\/tattoo-.jpg?resize=341%2C228&#038;ssl=1\" data-large-file=\"https:\/\/i0.wp.com\/aizuirakasleak.barakaldo.eus\/wp-content\/uploads\/2015\/03\/tattoo-.jpg?resize=341%2C228&#038;ssl=1\" src=\"https:\/\/i0.wp.com\/aizuirakasleak.barakaldo.eus\/wp-content\/uploads\/2015\/03\/tattoo-.jpg?resize=341%2C228&#038;ssl=1\" width=\"341\" height=\"228\" align=\"left\" title=\"tattoo-\" data-recalc-dims=\"1\" \/><\/a><\/div><\/div><\/div><\/div>\n<h3><strong>Despu\u00e9s del Piercing\u2026<\/strong><\/h3>\n<ul>\n<li>Hay que <strong>lavarse<\/strong> siempre las <strong>manos antes de tocarlo<\/strong>, as\u00ed como limpiar y <strong>mover <\/strong>el <strong>piercing <\/strong>dos veces al d\u00eda.<br \/>\n   <a href=\"http:\/\/websurfer.es\/wp-content\/uploads\/2015\/03\/bola.png\"><img loading=\"lazy\" decoding=\"async\" class=\" size-full wp-image-1029 alignright\" src=\"http:\/\/websurfer.es\/wp-content\/uploads\/2015\/03\/bola.png\" alt=\"bola\" width=\"82\" height=\"99\" srcset=\"https:\/\/aizuirakasleak.barakaldo.eus\/wp-content\/uploads\/2015\/03\/bola.png 82w, https:\/\/aizuirakasleak.barakaldo.eus\/wp-content\/uploads\/2015\/03\/bola-44x53.png 44w\" sizes=\"(max-width: 82px) 100vw, 82px\" \/><\/a>\n  <\/li>\n<\/ul>\n<ul>\n<li><strong>No <\/strong>debe <strong>maquillarse <\/strong>en la zona donde est\u00e9 colocado.\n<\/li>\n<\/ul>\n<ul>\n<li><strong>Evitar <\/strong>los <strong>ba\u00f1os <\/strong>en la <strong>piscina <\/strong>y en el <strong>mar <\/strong>hasta que haya cicatrizado por completo, y si se ha <strong>colocado en la lengua o labios<\/strong>, hay que <strong>evitar <\/strong>el <strong>alcohol<\/strong>, <strong>comer <\/strong><strong>chicle <\/strong>y tomar comidas <strong>picantes <\/strong>y limpiarlo despu\u00e9s de comer, beber o fumar.<\/li>\n<\/ul>\n<h3><strong>Despu\u00e9s del tatuaje\u2026<\/strong><\/h3>\n<ul>\n<li>Es necesario usar un <strong>jab\u00f3n antibacteriano <\/strong>l\u00edquido dos veces al d\u00eda, usando s\u00f3lo la mano.<\/li>\n<\/ul>\n<ul>\n<li>Una vez quitada la venda, no hay que volver a vendarlo.<\/li>\n<\/ul>\n<ul>\n<li>Si sale <strong>costra<\/strong>, <strong>no <\/strong>hay que <strong>quit\u00e1rsela <\/strong>ni rascarse.<\/li>\n<\/ul>\n<ul>\n<li><strong>No <\/strong>hay que tomar el <strong>sol <\/strong><strong>ni ba\u00f1arse <\/strong>en el mar o la piscina hasta que haya cicatrizado por completo.<\/li>\n<\/ul>\n<ul>\n<li>Es conveniente utilizar ropa suave y que no apriete.<\/li>\n<\/ul>\n<h5>Es <strong>aconsejable <\/strong><strong>pedir factura <\/strong>ya que ser\u00e1 \u00fatil en caso de reclamaci\u00f3n. En caso de <strong>fiebre<\/strong>, enrojecimiento y\/o <strong>inflamaci\u00f3n, dolor o molestias <\/strong>en la zona de la intervenci\u00f3n, hay que acudir al <strong>m\u00e9dico<\/strong>.<\/h5>\n<p>&nbsp;<\/p>\n<p>Fuente: <a href=\"http:\/\/www.diabetes-cidi.org\/es\/diabetes-tipo-1\/consejos\/piercings-tatuajes-hay-tener-cuenta\">Centro para la Innovaci\u00f3n de la Diabetes Infantil<\/a><br \/>\n<a href=\"http:\/\/www.ideal.es\/almeria\/20081003\/local\/granada\/consejos-antes-despues-tatuaje-200810031242.html\">Ideal<\/a><\/p>\n<!-- AddThis Advanced Settings generic via filter on the_content --><!-- AddThis Share Buttons generic via filter on the_content -->","protected":false},"excerpt":{"rendered":"<p>Antes de hacerte un piercing o un tatuaje&#8230; Medita bien la decisi\u00f3n de hacerte un tatuaje. Son muy dif\u00edciles de quitar. No ser\u00e1 buen momento para hacerlo si padeces alguna infecci\u00f3n, alguna enfermedad en la piel como una dermatitis, acn\u00e9 o psoriasis; si usas anticoagulantes, padeces alteraciones sangu\u00edneas o enfermedades cardiacas cong\u00e9nitas, o eres donante [&hellip;]<!-- AddThis Advanced Settings generic via filter on get_the_excerpt --><!-- AddThis Share Buttons generic via filter on get_the_excerpt --><\/p>\n","protected":false},"author":5,"featured_media":2745,"parent":0,"menu_order":5,"comment_status":"closed","ping_status":"closed","template":"","meta":{"_mc_calendar":[],"footnotes":""},"categories":[2],"tags":[805],"post_mailing_queue_ids":[],"_links":{"self":[{"href":"https:\/\/aizuirakasleak.barakaldo.eus\/es\/wp-json\/wp\/v2\/pages\/424"}],"collection":[{"href":"https:\/\/aizuirakasleak.barakaldo.eus\/es\/wp-json\/wp\/v2\/pages"}],"about":[{"href":"https:\/\/aizuirakasleak.barakaldo.eus\/es\/wp-json\/wp\/v2\/types\/page"}],"author":[{"embeddable":true,"href":"https:\/\/aizuirakasleak.barakaldo.eus\/es\/wp-json\/wp\/v2\/users\/5"}],"replies":[{"embeddable":true,"href":"https:\/\/aizuirakasleak.barakaldo.eus\/es\/wp-json\/wp\/v2\/comments?post=424"}],"version-history":[{"count":59,"href":"https:\/\/aizuirakasleak.barakaldo.eus\/es\/wp-json\/wp\/v2\/pages\/424\/revisions"}],"predecessor-version":[{"id":5032,"href":"https:\/\/aizuirakasleak.barakaldo.eus\/es\/wp-json\/wp\/v2\/pages\/424\/revisions\/5032"}],"wp:featuredmedia":[{"embeddable":true,"href":"https:\/\/aizuirakasleak.barakaldo.eus\/es\/wp-json\/wp\/v2\/media\/2745"}],"wp:attachment":[{"href":"https:\/\/aizuirakasleak.barakaldo.eus\/es\/wp-json\/wp\/v2\/media?parent=424"}],"wp:term":[{"taxonomy":"category","embeddable":true,"href":"https:\/\/aizuirakasleak.barakaldo.eus\/es\/wp-json\/wp\/v2\/categories?post=424"},{"taxonomy":"post_tag","embeddable":true,"href":"https:\/\/aizuirakasleak.barakaldo.eus\/es\/wp-json\/wp\/v2\/tags?post=424"}],"curies":[{"name":"wp","href":"https:\/\/api.w.org\/{rel}","templated":true}]}}