{"id":44,"date":"2015-01-26T19:53:51","date_gmt":"2015-01-26T19:53:51","guid":{"rendered":"http:\/\/websurfer.es\/?page_id=44"},"modified":"2018-03-01T13:27:51","modified_gmt":"2018-03-01T12:27:51","slug":"sexo","status":"publish","type":"page","link":"https:\/\/aizuirakasleak.barakaldo.eus\/es\/sexo\/","title":{"rendered":"Sexo"},"content":{"rendered":"<p>Ya sabes que hay diferentes maneras de manifestar la sexualidad y tambi\u00e9n que todos\/as tenemos muchas dudas al respecto. Muchas preguntas sin respuesta, por eso en este apartado te facilitamos informaci\u00f3n que aclare algunas de esas dudas.<\/p>\n<p>&nbsp;<\/p>\n<p>Gracias a la TV, Internet, revistas y lo que nos han contado, nos hemos formado algunas ideas acerca del sexo, nos hemos imaginado como debe ser nuestra sexualidad y hacia donde debe avanzar. En fin, hemos elaborado un modelo de sexualidad igual para todo el mundo.<\/p>\n<p>&nbsp;<\/p>\n<p>Sin embargo, nadie vive la sexualidad como nosotros\/as, por eso no pueden establecerse modelos \u00fanicos. La sexualidad se vive de manera diferente cada d\u00eda, cada momento y especialmente cada persona. En el sexo no hay f\u00f3rmulas m\u00e1gicas, lo que te ha contado tu amigo\/a es posible que no funcione para ti, por que \u00e9l o ella no son t\u00fa.<\/p>\n<p>&nbsp;<\/p>\n<h3><\/h3>\n<h3>Servicios de atenci\u00f3n sexual para j\u00f3venes:<\/h3>\n<p><strong>&#8220;Azaltzen&#8221; 673874485<\/strong><\/p>\n<p><span style=\"text-decoration: underline;\">Durante el fin de semana (viernes, s\u00e1bados y domingos de 18:00 a 22:00)<\/span><\/p>\n<p>Las consultas pueden ser telef\u00f3nicas o a trav\u00e9s de whatsapp.<\/p>\n<p>&nbsp;<\/p>\n<p><strong>&#8220;Salud Escolar San Vicente&#8221; 946007946<\/strong><\/p>\n<p><span style=\"text-decoration: underline;\">Entre semana (octubre-mayo 13:00-16:30; junio-septiembre 8:30-14:30)<\/span><\/p>\n<p>Las consultas tambi\u00e9n pueden ser a trav\u00e9s del correo electr\u00f3nico: SALUDESCOLAR.CSSANVICENTE@osakidetza.eus<\/p>\n<p>&nbsp;<\/p>\n<p>&nbsp;<\/p>\n<p>&nbsp;<\/p>\n<p>&nbsp;<\/p>\n<p>&nbsp;<\/p>\n<p>&nbsp;<\/p>\n<p>&nbsp;<\/p>\n<!-- AddThis Advanced Settings generic via filter on the_content --><!-- AddThis Share Buttons generic via filter on the_content -->","protected":false},"excerpt":{"rendered":"<p>Ya sabes que hay diferentes maneras de manifestar la sexualidad y tambi\u00e9n que todos\/as tenemos muchas dudas al respecto. Muchas preguntas sin respuesta, por eso en este apartado te facilitamos informaci\u00f3n que aclare algunas de esas dudas. &nbsp; Gracias a la TV, Internet, revistas y lo que nos han contado, nos hemos formado algunas ideas [&hellip;]<!-- AddThis Advanced Settings generic via filter on get_the_excerpt --><!-- AddThis Share Buttons generic via filter on get_the_excerpt --><\/p>\n","protected":false},"author":5,"featured_media":4537,"parent":0,"menu_order":3,"comment_status":"closed","ping_status":"closed","template":"","meta":{"_mc_calendar":[],"footnotes":""},"categories":[2],"tags":[805],"post_mailing_queue_ids":[],"_links":{"self":[{"href":"https:\/\/aizuirakasleak.barakaldo.eus\/es\/wp-json\/wp\/v2\/pages\/44"}],"collection":[{"href":"https:\/\/aizuirakasleak.barakaldo.eus\/es\/wp-json\/wp\/v2\/pages"}],"about":[{"href":"https:\/\/aizuirakasleak.barakaldo.eus\/es\/wp-json\/wp\/v2\/types\/page"}],"author":[{"embeddable":true,"href":"https:\/\/aizuirakasleak.barakaldo.eus\/es\/wp-json\/wp\/v2\/users\/5"}],"replies":[{"embeddable":true,"href":"https:\/\/aizuirakasleak.barakaldo.eus\/es\/wp-json\/wp\/v2\/comments?post=44"}],"version-history":[{"count":18,"href":"https:\/\/aizuirakasleak.barakaldo.eus\/es\/wp-json\/wp\/v2\/pages\/44\/revisions"}],"predecessor-version":[{"id":2744,"href":"https:\/\/aizuirakasleak.barakaldo.eus\/es\/wp-json\/wp\/v2\/pages\/44\/revisions\/2744"}],"wp:featuredmedia":[{"embeddable":true,"href":"https:\/\/aizuirakasleak.barakaldo.eus\/es\/wp-json\/wp\/v2\/media\/4537"}],"wp:attachment":[{"href":"https:\/\/aizuirakasleak.barakaldo.eus\/es\/wp-json\/wp\/v2\/media?parent=44"}],"wp:term":[{"taxonomy":"category","embeddable":true,"href":"https:\/\/aizuirakasleak.barakaldo.eus\/es\/wp-json\/wp\/v2\/categories?post=44"},{"taxonomy":"post_tag","embeddable":true,"href":"https:\/\/aizuirakasleak.barakaldo.eus\/es\/wp-json\/wp\/v2\/tags?post=44"}],"curies":[{"name":"wp","href":"https:\/\/api.w.org\/{rel}","templated":true}]}}