{"id":46,"date":"2015-01-26T19:54:12","date_gmt":"2015-01-26T19:54:12","guid":{"rendered":"http:\/\/websurfer.es\/?page_id=46"},"modified":"2018-06-15T11:13:03","modified_gmt":"2018-06-15T09:13:03","slug":"adicciones-sin-sustancias","status":"publish","type":"page","link":"https:\/\/aizuirakasleak.barakaldo.eus\/es\/adicciones-sin-sustancias\/","title":{"rendered":"Otras tentaciones"},"content":{"rendered":"<p>Aqu\u00ed hablaremos de otras debilidades que nos rodean&#8230;entre ellas, os dejamos informaci\u00f3n sobre:<br \/>\n<\/p>\n<ul class=\"children\">\n<li class=\"page_item page-item-541 page_item_has_children\">\n<h5><a href=\"http:\/\/websurfer.es\/adicciones-sin-sustancias\/redes-sociales\/\">Redes Sociales<\/a><\/h5>\n<ul class=\"children\">\n<li class=\"page_item page-item-1141\">\n<h5><a href=\"http:\/\/websurfer.es\/adicciones-sin-sustancias\/redes-sociales\/tipos-de-riesgos\/\">Tipos de riesgos<\/a><\/h5>\n<\/li>\n<li class=\"page_item page-item-1146\">\n<h5><a href=\"http:\/\/websurfer.es\/adicciones-sin-sustancias\/redes-sociales\/recomendaciones\/\">Recomendaciones<\/a><\/h5>\n<\/li>\n<li class=\"page_item page-item-1153\">\n<h5><a href=\"http:\/\/websurfer.es\/adicciones-sin-sustancias\/redes-sociales\/whatsapp-claves-para-el-buen-uso\/\">10 Claves para el buen uso del whatsapp<\/a><\/h5>\n<\/li>\n<\/ul>\n<\/li>\n<li class=\"page_item page-item-772\">\n<h5><a href=\"http:\/\/websurfer.es\/adicciones-sin-sustancias\/juegos-de-azar\/\">Juegos de azar<\/a><\/h5>\n<\/li>\n<li class=\"page_item page-item-766 page_item_has_children\">\n<h5><a href=\"http:\/\/websurfer.es\/adicciones-sin-sustancias\/compras-compulsivas\/\">Compras compulsivas<\/a><\/h5>\n<ul class=\"children\">\n<li class=\"page_item page-item-1171\">\n<h5><a href=\"http:\/\/websurfer.es\/adicciones-sin-sustancias\/compras-compulsivas\/como-superar-la-adiccion-a-las-compras\/\">C\u00f3mo superar la adicci\u00f3n a las compras<\/a><\/h5>\n<\/li>\n<li class=\"page_item page-item-1186\">\n<h5><a href=\"http:\/\/websurfer.es\/adicciones-sin-sustancias\/compras-compulsivas\/test-comprueba-tu-nivel-de-adiccion\/\">Test: Comprueba tu nivel de adicci\u00f3n<\/a><\/h5>\n<\/li>\n<\/ul>\n<\/li>\n<\/ul>\n<h5><\/h5>\n<p>&nbsp;<\/p>\n<!-- AddThis Advanced Settings generic via filter on the_content --><!-- AddThis Share Buttons generic via filter on the_content -->","protected":false},"excerpt":{"rendered":"<p>Aqu\u00ed hablaremos de otras debilidades que nos rodean&#8230;entre ellas, os dejamos informaci\u00f3n sobre: Redes Sociales Tipos de riesgos Recomendaciones 10 Claves para el buen uso del whatsapp Juegos de azar Compras compulsivas C\u00f3mo superar la adicci\u00f3n a las compras Test: Comprueba tu nivel de adicci\u00f3n &nbsp;<!-- AddThis Advanced Settings generic via filter on get_the_excerpt --><!-- AddThis Share Buttons generic via filter on get_the_excerpt --><\/p>\n","protected":false},"author":5,"featured_media":5116,"parent":0,"menu_order":9,"comment_status":"closed","ping_status":"closed","template":"","meta":{"_mc_calendar":[],"footnotes":""},"categories":[2],"tags":[805],"post_mailing_queue_ids":[],"_links":{"self":[{"href":"https:\/\/aizuirakasleak.barakaldo.eus\/es\/wp-json\/wp\/v2\/pages\/46"}],"collection":[{"href":"https:\/\/aizuirakasleak.barakaldo.eus\/es\/wp-json\/wp\/v2\/pages"}],"about":[{"href":"https:\/\/aizuirakasleak.barakaldo.eus\/es\/wp-json\/wp\/v2\/types\/page"}],"author":[{"embeddable":true,"href":"https:\/\/aizuirakasleak.barakaldo.eus\/es\/wp-json\/wp\/v2\/users\/5"}],"replies":[{"embeddable":true,"href":"https:\/\/aizuirakasleak.barakaldo.eus\/es\/wp-json\/wp\/v2\/comments?post=46"}],"version-history":[{"count":18,"href":"https:\/\/aizuirakasleak.barakaldo.eus\/es\/wp-json\/wp\/v2\/pages\/46\/revisions"}],"predecessor-version":[{"id":4780,"href":"https:\/\/aizuirakasleak.barakaldo.eus\/es\/wp-json\/wp\/v2\/pages\/46\/revisions\/4780"}],"wp:featuredmedia":[{"embeddable":true,"href":"https:\/\/aizuirakasleak.barakaldo.eus\/es\/wp-json\/wp\/v2\/media\/5116"}],"wp:attachment":[{"href":"https:\/\/aizuirakasleak.barakaldo.eus\/es\/wp-json\/wp\/v2\/media?parent=46"}],"wp:term":[{"taxonomy":"category","embeddable":true,"href":"https:\/\/aizuirakasleak.barakaldo.eus\/es\/wp-json\/wp\/v2\/categories?post=46"},{"taxonomy":"post_tag","embeddable":true,"href":"https:\/\/aizuirakasleak.barakaldo.eus\/es\/wp-json\/wp\/v2\/tags?post=46"}],"curies":[{"name":"wp","href":"https:\/\/api.w.org\/{rel}","templated":true}]}}