{"id":50,"date":"2015-01-26T19:54:41","date_gmt":"2015-01-26T19:54:41","guid":{"rendered":"http:\/\/websurfer.es\/?page_id=50"},"modified":"2018-06-11T15:25:07","modified_gmt":"2018-06-11T13:25:07","slug":"colegas-cuadrilla-y-lonjas","status":"publish","type":"page","link":"https:\/\/aizuirakasleak.barakaldo.eus\/es\/colegas-cuadrilla-y-lonjas\/","title":{"rendered":"Cuadrilla &#038; Lonja"},"content":{"rendered":"<p>[vc_row][vc_column][vc_column_text]<\/p>\n<p>La lonja es un espacio donde los j\u00f3venes compart\u00eds vuestro tiempo de ocio bajo vuestras propias normas. A pesar de que en los \u00faltimos a\u00f1os se han multiplicado, en Barakaldo no existe una <strong>normativa municipal<\/strong> respecto a las lonjas juveniles, sobre requisitos y m\u00ednimos que cumplir. Por tanto, os presentamos unas cuantas recomendaciones para que vuestra experiencia en la lonja sea lo m\u00e1s segura y agradable posible, tanto entre vosotros y vosotras como con el vecindario.<\/p>\n<h3><strong>Es importante cumplir la normativa para <span style=\"text-decoration: underline;\">evitar posibles conflictos<\/span> con la comunidad de vecinos o con la polic\u00eda ya que os pueden llevar a que a partir de las 22:00 de la noche os echen de la lonja o que incluso, a trav\u00e9s de denuncias vecinales, tengais problemas con el propietario de la lonja y os quedeis sin ella.<\/strong><\/h3>\n<h3>Recomendaciones de Contacto<\/h3>\n<ul>\n<li>Facilitar al Ayuntamiento el contacto de una o varias personas del grupo que hace uso de la lonja, as\u00ed como el de la persona propietaria del local.<\/li>\n<li>Se recomienda actualizar peri\u00f3dicamente los datos.<\/li>\n<\/ul>\n<h3>Recomendaciones Administrativas<\/h3>\n<ul>\n<li>Tener un contrato en vigor.<\/li>\n<li>P\u00f3liza de responsabilidad civil que cubra da\u00f1os de al menos 100.000 \u20ac <strong>(Seguro).<\/strong><\/li>\n<li>El local no podr\u00e1 tener nunca consideraci\u00f3n de vivienda o residencia habitual. <strong>Nadie se puede empadronar all\u00ed ni quedarse a dormir.<\/strong><\/li>\n<\/ul>\n<h3>Recomendaciones de Habitabilidad<\/h3>\n<ul>\n<li>Altura m\u00ednima del local: 2,50 m y superficie m\u00ednima: 35 m2.<\/li>\n<li>Dimensiones de los ba\u00f1os: m\u00ednimo 1,2 m2 y anchura m\u00ednima de la puerta: 90 cm.<\/li>\n<li>No deber\u00e1n disponer de equipamientos propios de una vivienda (cocinas, camas, etc.)<\/li>\n<li>Contar con al menos un ba\u00f1o con inodoro y lavabo y con ventilaci\u00f3n natural o mediante rejilla al exterior.<\/li>\n<li>Respetar el <strong>aforo m\u00e1ximo<\/strong> permitido <strong>(1 persona por m2)<\/strong>, con un l\u00edmite de 100 personas para todos los locales que tengan una \u00fanica salida, cuya anchura m\u00ednima deber\u00e1 ser de 80 cm.<\/li>\n<li>Disponer de <strong>agua potable<\/strong> procedente de la red general.<\/li>\n<li>Contar con <strong>luz el\u00e9ctrica<\/strong>, cuya instalaci\u00f3n deber\u00e1 ser realizada por personal autorizado, cumpliendo el REBT (Reglamento Electrot\u00e9cnico para baja Tensi\u00f3n).<\/li>\n<\/ul>\n<h3>Recomendaciones para la Convivencia<\/h3>\n<ul>\n<li>En caso de utilizaci\u00f3n de equipos musicales, aparatos de TV o similares, se deber\u00e1n respetar las limitaciones de ruido establecidas en la <a href=\"https:\/\/www.euskadi.eus\/r48-bopv2\/es\/bopv2\/datos\/1998\/03\/9801344a.shtml\">Ley 3\/1998<\/a>, sobre la protecci\u00f3n del Medio Ambiente del Pa\u00eds Vasco, dichas precauciones se deber\u00e1n extremar <strong>entre las 22:00h. y las 8:00h.<\/strong><\/li>\n<li>El exterior de la lonja y sus inmediaciones tendr\u00e1n que estar en condiciones higi\u00e9nicas adecuadas, debiendo evitarse el abandono de objetos o basuras derivados de cualquier actividad en el local. <strong>El mobiliario de la lonja deber\u00e1 permanecer en su interior.<\/strong><\/li>\n<li>Se evitar\u00e1 la aglomeraci\u00f3n de personas y las conversaciones en voz alta en el exterior y\/o en las inmediaciones de la lonja, extremando el cuidado <strong>entre las 22:00h y las 8:00h.<\/strong><br \/>\nSe procurar\u00e1, en caso de que haya persianas met\u00e1licas, abrirlas y cerrarlas el menor n\u00famero de veces posible.<\/li>\n<\/ul>\n<h3>Recomendaciones para la Salud<\/h3>\n<ul>\n<li>Se limpiar\u00e1 con los medios y frecuencia adecuadas evitando la acumulaci\u00f3n de residuos, basuras, etc.<\/li>\n<li>La superficie del local ser\u00e1 de f\u00e1cil limpieza y desinfecci\u00f3n.<\/li>\n<li><strong>Se evitar\u00e1 la permanencia de animales en la lonja.<\/strong><\/li>\n<li>Se habilitar\u00e1 un sistema que asegure la ventilaci\u00f3n general y peri\u00f3dica del local con el fin de evitar malos olores. Adem\u00e1s de la puerta de acceso deber\u00e1 existir un sistema de ventilaci\u00f3n mediante ventana, lamas, rejillas&#8230;<\/li>\n<li>En todas las lonjas deber\u00e1 existir un <strong>botiqu\u00edn de primeros auxilios.<\/strong><\/li>\n<li>Las personas usuarias de la lonja ser\u00e1n responsables del cumplimiento de toda la normativa vigente en materia de consumo de alcohol y otras drogas.<\/li>\n<\/ul>\n<h3>Recomendaciones de Seguridad<\/h3>\n<ul>\n<li>Salida de emergencia (la distancia m\u00e1xima a recorrer desde cualquier punto de la lonja a la puerta exterior debe ser igual o inferior a 25 m).<\/li>\n<li>Las puertas de salida no deber\u00e1n cerrarse con llave por el interior ni bajar las persianas mientras haya personas en el interior de las lonjas.<\/li>\n<li>Disponer de alumbrado de emergencia.<\/li>\n<li>Se recomienda <strong>no cocinar ni hacer fuego en el interior de las lonjas.<\/strong><\/li>\n<li>No realizar actividades con riesgo de incendio o explosi\u00f3n por almacenamiento de combustibles u otros materiales.<\/li>\n<li>Disponer, como m\u00ednimo, de un <strong>extintor de eficacia 21A-113B de 5 kg<\/strong>, en perfecto funcionamiento.<\/li>\n<li>La distancia a recorrer desde cualquier punto del local a un extintor debe ser igual o menor a 15 m.<\/li>\n<li>No utilizar materiales combustibles para adornar, aislar o insonorizar los techos y\/o paredes del local.<\/li>\n<li>Los aparatos de calefacci\u00f3n que se utilicen deber\u00e1n estar homologados.<\/li>\n<\/ul>\n<h3>SOBRE DROGAS&#8230;<\/h3>\n<ul>\n<li>Las lonjas son un espacio de ocio y es posible que se produzcan consumos de drogas. Podeis hablar sobre ello y a decidir en <strong>asamblea<\/strong> que modelo quer\u00e9is seguir en vuestra lonja, respetando las decisiones de todas las personas. Consumir drogas o no, es una decisi\u00f3n personal que debe ser adoptada de manera libre e informada por personas adultas y pasa por valorar los placeres y problemas que su uso puede derivar, y tomar una decisi\u00f3n en consecuencia.<\/li>\n<li>Si en la lonja sois menores de edad, o coincide que hay alguna persona menor de edad, tener en cuenta que el consumo de drogas en personas que no se han desarrollado completamente genera riesgos. Facilitar drogas legales a una persona menor de edad est\u00e1 sancionado administrativamente; y hacerlo con drogas ilegales es siempre un delito, siendo adem\u00e1s un agravante penal.<\/li>\n<\/ul>\n<p>&nbsp;<\/p>\n<p>Fuente: <a href=\"http:\/\/www.vitoria-gasteiz.org\/wb021\/http\/contenidosEstaticos\/adjuntos\/es\/02\/95\/50295.pdf\">Recomendaciones de m\u00ednimos para la gesti\u00f3n de lonjas juveniles en Vitoria-Gazteiz <\/a><\/p>\n<p>[\/vc_column_text][\/vc_column][\/vc_row]<\/p>\n<!-- AddThis Advanced Settings generic via filter on the_content --><!-- AddThis Share Buttons generic via filter on the_content -->","protected":false},"excerpt":{"rendered":"<p>[vc_row][vc_column][vc_column_text] La lonja es un espacio donde los j\u00f3venes compart\u00eds vuestro tiempo de ocio bajo vuestras propias normas. A pesar de que en los \u00faltimos a\u00f1os se han multiplicado, en Barakaldo no existe una normativa municipal respecto a las lonjas juveniles, sobre requisitos y m\u00ednimos que cumplir. Por tanto, os presentamos unas cuantas recomendaciones para [&hellip;]<!-- AddThis Advanced Settings generic via filter on get_the_excerpt --><!-- AddThis Share Buttons generic via filter on get_the_excerpt --><\/p>\n","protected":false},"author":5,"featured_media":4775,"parent":0,"menu_order":6,"comment_status":"closed","ping_status":"closed","template":"","meta":{"_mc_calendar":[],"footnotes":""},"categories":[2],"tags":[],"post_mailing_queue_ids":[],"_links":{"self":[{"href":"https:\/\/aizuirakasleak.barakaldo.eus\/es\/wp-json\/wp\/v2\/pages\/50"}],"collection":[{"href":"https:\/\/aizuirakasleak.barakaldo.eus\/es\/wp-json\/wp\/v2\/pages"}],"about":[{"href":"https:\/\/aizuirakasleak.barakaldo.eus\/es\/wp-json\/wp\/v2\/types\/page"}],"author":[{"embeddable":true,"href":"https:\/\/aizuirakasleak.barakaldo.eus\/es\/wp-json\/wp\/v2\/users\/5"}],"replies":[{"embeddable":true,"href":"https:\/\/aizuirakasleak.barakaldo.eus\/es\/wp-json\/wp\/v2\/comments?post=50"}],"version-history":[{"count":58,"href":"https:\/\/aizuirakasleak.barakaldo.eus\/es\/wp-json\/wp\/v2\/pages\/50\/revisions"}],"predecessor-version":[{"id":5062,"href":"https:\/\/aizuirakasleak.barakaldo.eus\/es\/wp-json\/wp\/v2\/pages\/50\/revisions\/5062"}],"wp:featuredmedia":[{"embeddable":true,"href":"https:\/\/aizuirakasleak.barakaldo.eus\/es\/wp-json\/wp\/v2\/media\/4775"}],"wp:attachment":[{"href":"https:\/\/aizuirakasleak.barakaldo.eus\/es\/wp-json\/wp\/v2\/media?parent=50"}],"wp:term":[{"taxonomy":"category","embeddable":true,"href":"https:\/\/aizuirakasleak.barakaldo.eus\/es\/wp-json\/wp\/v2\/categories?post=50"},{"taxonomy":"post_tag","embeddable":true,"href":"https:\/\/aizuirakasleak.barakaldo.eus\/es\/wp-json\/wp\/v2\/tags?post=50"}],"curies":[{"name":"wp","href":"https:\/\/api.w.org\/{rel}","templated":true}]}}