{"id":5324,"date":"2018-11-07T10:03:40","date_gmt":"2018-11-07T09:03:40","guid":{"rendered":"http:\/\/websurfer.es\/?page_id=5324"},"modified":"2020-02-03T19:25:13","modified_gmt":"2020-02-03T18:25:13","slug":"quienessomos","status":"publish","type":"page","link":"https:\/\/aizuirakasleak.barakaldo.eus\/es\/quienessomos\/","title":{"rendered":"\u00bfQui\u00e9nes somos?"},"content":{"rendered":"<p><\/p>\n<div class=\"quienessomosdiv\">\n<h2><span style=\"font-size: 24pt;\">Somos el servicio de informaci\u00f3n y acompa\u00f1amiento en la infancia y adolescencia para la prevenci\u00f3n de adicciones.<\/span><\/h2>\n<p>El equipo est\u00e1 formado por tres asesoras cuya labor est\u00e1 dirigida a profesionales y a profesorado tanto de primaria como de secundaria del municipio de Barakaldo y por tres educadoras sociales que intervienen con j\u00f3venes de 12 a 18 a\u00f1os. Contando tambi\u00e9n con una figura de coordinaci\u00f3n.<\/p>\n<\/div>\n<p><\/p>\n<!-- AddThis Advanced Settings generic via filter on the_content --><!-- AddThis Share Buttons generic via filter on the_content -->","protected":false},"excerpt":{"rendered":"<p>Somos el servicio de informaci\u00f3n y acompa\u00f1amiento en la infancia y adolescencia para la prevenci\u00f3n de adicciones. El equipo est\u00e1 formado por tres asesoras cuya labor est\u00e1 dirigida a profesionales y a profesorado tanto de primaria como de secundaria del municipio de Barakaldo y por tres educadoras sociales que intervienen con j\u00f3venes de 12 a [&hellip;]<!-- AddThis Advanced Settings generic via filter on get_the_excerpt --><!-- AddThis Share Buttons generic via filter on get_the_excerpt --><\/p>\n","protected":false},"author":7,"featured_media":4787,"parent":0,"menu_order":0,"comment_status":"closed","ping_status":"closed","template":"","meta":{"_mc_calendar":[],"footnotes":""},"categories":[],"tags":[],"post_mailing_queue_ids":[],"_links":{"self":[{"href":"https:\/\/aizuirakasleak.barakaldo.eus\/es\/wp-json\/wp\/v2\/pages\/5324"}],"collection":[{"href":"https:\/\/aizuirakasleak.barakaldo.eus\/es\/wp-json\/wp\/v2\/pages"}],"about":[{"href":"https:\/\/aizuirakasleak.barakaldo.eus\/es\/wp-json\/wp\/v2\/types\/page"}],"author":[{"embeddable":true,"href":"https:\/\/aizuirakasleak.barakaldo.eus\/es\/wp-json\/wp\/v2\/users\/7"}],"replies":[{"embeddable":true,"href":"https:\/\/aizuirakasleak.barakaldo.eus\/es\/wp-json\/wp\/v2\/comments?post=5324"}],"version-history":[{"count":11,"href":"https:\/\/aizuirakasleak.barakaldo.eus\/es\/wp-json\/wp\/v2\/pages\/5324\/revisions"}],"predecessor-version":[{"id":5460,"href":"https:\/\/aizuirakasleak.barakaldo.eus\/es\/wp-json\/wp\/v2\/pages\/5324\/revisions\/5460"}],"wp:featuredmedia":[{"embeddable":true,"href":"https:\/\/aizuirakasleak.barakaldo.eus\/es\/wp-json\/wp\/v2\/media\/4787"}],"wp:attachment":[{"href":"https:\/\/aizuirakasleak.barakaldo.eus\/es\/wp-json\/wp\/v2\/media?parent=5324"}],"wp:term":[{"taxonomy":"category","embeddable":true,"href":"https:\/\/aizuirakasleak.barakaldo.eus\/es\/wp-json\/wp\/v2\/categories?post=5324"},{"taxonomy":"post_tag","embeddable":true,"href":"https:\/\/aizuirakasleak.barakaldo.eus\/es\/wp-json\/wp\/v2\/tags?post=5324"}],"curies":[{"name":"wp","href":"https:\/\/api.w.org\/{rel}","templated":true}]}}