{"id":5330,"date":"2018-11-07T10:29:47","date_gmt":"2018-11-07T09:29:47","guid":{"rendered":"http:\/\/websurfer.es\/?page_id=5330"},"modified":"2020-02-06T17:32:28","modified_gmt":"2020-02-06T16:32:28","slug":"que-ofrecemos","status":"publish","type":"page","link":"https:\/\/aizuirakasleak.barakaldo.eus\/es\/que-ofrecemos\/","title":{"rendered":"\u00bfQu\u00e9 ofrecemos?"},"content":{"rendered":"<p>[vc_row disable_element=&#8221;yes&#8221;][vc_column][vc_column_text]<\/p>\n<div class=\"quienessomosdiv\">\n<p>Aizuirakasle es un espacio 2.0 de apoyo al profesorado tanto de primaria como de secundaria de cara a potenciar su pr\u00e1ctica docente y tutorial.<\/p>\n<p>Tiene vocaci\u00f3n de ser un espacio de referencia en la prevenci\u00f3n de adicciones para el profesorado por medio de los contenidos y los materiales did\u00e1cticos espec\u00edficos.<\/p>\n<p>A su vez, pretende ser un espacio \u00fatil y \u00e1gil que complemente la labor del equipo en los centros educativos de la ciudad de Barakaldo.<\/p>\n<\/div>\n<div class=\"quienessomosdiv\">\n<h2><span style=\"font-size: 24pt;\">Otras l\u00edneas del Servicio:<\/span><\/h2>\n<\/div>\n<div class=\"quienessomosdiv\">\n<h2><span style=\"font-size: 24pt;\">Profesorado:<\/span><\/h2>\n<p>Ofrecemos asesoramiento, orientaci\u00f3n para la prevenci\u00f3n de las adicciones y formaci\u00f3n espec\u00edfica.<\/p>\n<p>Dise\u00f1amos y elaboramos material para trabajar las dificultades relacionales en el aula y en la prevenci\u00f3n de adicciones.<\/p>\n<\/div>\n<div class=\"quienessomosdiv\">\n<h2><span style=\"font-size: 24pt;\">Alumnado:<\/span><\/h2>\n<p>Mantenemos una presencia educativa en espacios de recreo y comedor en 8 centros de secundaria de Barakaldo realizando tanto intervenciones individuales como grupales.<\/p>\n<p>Por otro lado, dentro del aula realizamos talleres de prevenci\u00f3n sobre diferentes tem\u00e1ticas como las relaciones entre iguales, redes sociales, drogas\u2026 tanto en primaria como en secundaria.<\/p>\n<\/div>\n<div class=\"quienessomosdiv\">\n<h2><span style=\"font-size: 24pt;\">Familias:<\/span><\/h2>\n<p>En primaria realizamos Guraso Eskolak sobre distintas tem\u00e1ticas y en secundaria, desde el servicio de Contacto, se ofrecen talleres para un trabajo m\u00e1s intensivo que se desarrolla en varias sesiones.<\/p>\n<\/div>\n<div class=\"quienessomosdiv\">\n<h2><span style=\"font-size: 24pt;\">Local:<\/span><\/h2>\n<p>Se realizan grupos educativos que abordan temas y preocupaciones de la adolescencia y actividades grupales m\u00e1s l\u00fadicas como cine forum o concursos entre otras.<\/p>\n<p>Tambi\u00e9n realizamos medidas alternativas a las sanciones administrativas de alcohol y cannabis, acompa\u00f1amientos individuales y atenci\u00f3n a dudas y demandas en la adolescencia.<\/p>\n<\/div>\n<p>[\/vc_column_text][\/vc_column][\/vc_row][vc_row][vc_column][vc_column_text]<\/p>\n<div class=\"quienessomosdiv\">\n<p>Aizuirakasle es un espacio 2.0 de apoyo al profesorado tanto de primaria como de secundaria de cara a potenciar su pr\u00e1ctica docente y tutorial.<\/p>\n<p>Tiene vocaci\u00f3n de ser un espacio de referencia en la prevenci\u00f3n de adicciones para el profesorado por medio de los contenidos y los materiales did\u00e1cticos espec\u00edficos.<\/p>\n<p>A su vez, pretende ser un espacio \u00fatil y \u00e1gil que complemente la labor del equipo en los centros educativos de la ciudad de Barakaldo.<\/p>\n<\/div>\n<div class=\"quienessomosdiv\">\n<h2><span style=\"font-size: 24pt;\">Otras l\u00edneas del Servicio:<\/span><\/h2>\n<\/div>\n<div class=\"quienessomosdiv\">\n<h2><span style=\"font-size: 24pt;\">Profesorado:<\/span><\/h2>\n<p>Ofrecemos asesoramiento, orientaci\u00f3n para la prevenci\u00f3n de las adicciones y formaci\u00f3n espec\u00edfica.<\/p>\n<p>Dise\u00f1amos y elaboramos material para trabajar las dificultades relacionales en el aula y en la prevenci\u00f3n de adicciones.<\/p>\n<\/div>\n<div class=\"quienessomosdiv\">\n<h2><span style=\"font-size: 24pt;\">Alumnado:<\/span><\/h2>\n<p>Mantenemos una presencia educativa en espacios de recreo y comedor en 8 centros de secundaria de Barakaldo realizando tanto intervenciones individuales como grupales.<\/p>\n<p>Por otro lado, dentro del aula realizamos talleres de prevenci\u00f3n sobre diferentes tem\u00e1ticas como las relaciones entre iguales, redes sociales, drogas\u2026 tanto en primaria como en secundaria.<\/p>\n<\/div>\n<div class=\"quienessomosdiv\">\n<h2><span style=\"font-size: 24pt;\">Familias:<\/span><\/h2>\n<p>En primaria realizamos sesiones formativas dirigidas a familias (programa Aizu Familias). En secundaria se ofrecen talleres en funci\u00f3n de necesidades detectadas.<\/p>\n<\/div>\n<p>[\/vc_column_text][\/vc_column][\/vc_row][vc_row][vc_column width=&#8221;1\/2&#8243;][vc_column_text]<\/p>\n<div class=\"quienessomosdiv\">\n<h2><span style=\"font-size: 24pt;\">Local:<\/span><\/h2>\n<p>Se realizan grupos educativos que abordan temas y preocupaciones de la adolescencia.<br \/>\nTambi\u00e9n realizamos medidas alternativas a las sanciones administrativas de alcohol y cannabis, acompa\u00f1amientos individuales y atenci\u00f3n a dudas y demandas de la adolescencia.<\/p>\n<\/div>\n<p>[\/vc_column_text][\/vc_column][vc_column width=&#8221;1\/2&#8243;][vc_single_image image=&#8221;4746&#8243; img_size=&#8221;large&#8221; alignment=&#8221;right&#8221; css=&#8221;.vc_custom_1545382070534{margin-top: 70px !important;}&#8221;][\/vc_column][\/vc_row]<\/p>\n<!-- AddThis Advanced Settings generic via filter on the_content --><!-- AddThis Share Buttons generic via filter on the_content -->","protected":false},"excerpt":{"rendered":"<p>[vc_row disable_element=&#8221;yes&#8221;][vc_column][vc_column_text] Aizuirakasle es un espacio 2.0 de apoyo al profesorado tanto de primaria como de secundaria de cara a potenciar su pr\u00e1ctica docente y tutorial. Tiene vocaci\u00f3n de ser un espacio de referencia en la prevenci\u00f3n de adicciones para el profesorado por medio de los contenidos y los materiales did\u00e1cticos espec\u00edficos. A su vez, [&hellip;]<!-- AddThis Advanced Settings generic via filter on get_the_excerpt --><!-- AddThis Share Buttons generic via filter on get_the_excerpt --><\/p>\n","protected":false},"author":7,"featured_media":5388,"parent":0,"menu_order":0,"comment_status":"closed","ping_status":"closed","template":"","meta":{"_mc_calendar":[],"footnotes":""},"categories":[],"tags":[],"post_mailing_queue_ids":[],"_links":{"self":[{"href":"https:\/\/aizuirakasleak.barakaldo.eus\/es\/wp-json\/wp\/v2\/pages\/5330"}],"collection":[{"href":"https:\/\/aizuirakasleak.barakaldo.eus\/es\/wp-json\/wp\/v2\/pages"}],"about":[{"href":"https:\/\/aizuirakasleak.barakaldo.eus\/es\/wp-json\/wp\/v2\/types\/page"}],"author":[{"embeddable":true,"href":"https:\/\/aizuirakasleak.barakaldo.eus\/es\/wp-json\/wp\/v2\/users\/7"}],"replies":[{"embeddable":true,"href":"https:\/\/aizuirakasleak.barakaldo.eus\/es\/wp-json\/wp\/v2\/comments?post=5330"}],"version-history":[{"count":19,"href":"https:\/\/aizuirakasleak.barakaldo.eus\/es\/wp-json\/wp\/v2\/pages\/5330\/revisions"}],"predecessor-version":[{"id":5467,"href":"https:\/\/aizuirakasleak.barakaldo.eus\/es\/wp-json\/wp\/v2\/pages\/5330\/revisions\/5467"}],"wp:featuredmedia":[{"embeddable":true,"href":"https:\/\/aizuirakasleak.barakaldo.eus\/es\/wp-json\/wp\/v2\/media\/5388"}],"wp:attachment":[{"href":"https:\/\/aizuirakasleak.barakaldo.eus\/es\/wp-json\/wp\/v2\/media?parent=5330"}],"wp:term":[{"taxonomy":"category","embeddable":true,"href":"https:\/\/aizuirakasleak.barakaldo.eus\/es\/wp-json\/wp\/v2\/categories?post=5330"},{"taxonomy":"post_tag","embeddable":true,"href":"https:\/\/aizuirakasleak.barakaldo.eus\/es\/wp-json\/wp\/v2\/tags?post=5330"}],"curies":[{"name":"wp","href":"https:\/\/api.w.org\/{rel}","templated":true}]}}